{"id":3758,"date":"2025-10-12T17:25:24","date_gmt":"2025-10-12T17:25:24","guid":{"rendered":"https:\/\/steinfelder.net\/?post_type=product&#038;p=3758"},"modified":"2025-12-10T10:20:26","modified_gmt":"2025-12-10T10:20:26","slug":"franzosische-reiseuhr-vergleichbar-mit-grande-sonnerie-vacheron-constantin","status":"publish","type":"product","link":"https:\/\/steinfelder.net\/en\/product\/franzosische-reiseuhr-vergleichbar-mit-grande-sonnerie-vacheron-constantin\/","title":{"rendered":"French travel clock comparable to \u201cGrande Sonnerie\u201d \u2013 Vacheron Constantin"},"content":{"rendered":"<p><strong>This elegant French travel clock (\u201cCarriage Clock\u201d) with a glazed brass case and fully visible mechanical movement is presented in the style of Vacheron Constantin, but in our assessment, it is not an original brand manufacture, rather a high-quality imitation or stylistic reproduction.<\/strong><\/p>\n<p>It comes with the original brown leather case with red velvet lining, a winding key, and a workshop receipt from Carl Gl\u00fcck in Munich dated 1953. The clock measures approximately 14.5 \u00d7 9.5 \u00d7 8.5 cm and weighs 1,737 grams, the case about 20 \u00d7 12 \u00d7 11.5 cm; the total weight is 2,232 grams.<\/p>\n<p>The polished brass case features real glass and displays a white dial with Roman numerals. The movement is manually wound and fully visible through the glazed side panels. The movement bears engravings such as \u201cMADE IN FRANCE,\u201d \u201cPATENTED,\u201d and the serial number \u201c353,\u201d as well as functional markings \u201cSONNERIE \/ SILENCE,\u201d \u201cAIGUILLES,\u201d and \u201cRETARD \/ AVANCE.\u201d Additionally, there is a construction code \u201cT663,\u201d an inventory number \u201cD 50220,\u201d and handwritten entries.<\/p>\n<p>A workshop receipt from Carl Gl\u00fcck in Munich, dated 1953, documents a professional overhaul with the note: \u201cParisian travel clock, 5 jewels, was serviced and oiled\u201d \u2014 evidence of the careful technical maintenance and the high quality of the mechanism.<\/p>\n<p>Stylistically, the piece is reminiscent of \u201cGrande Sonnerie\u201d models by Vacheron Constantin around 1900, but in our assessment, it is a <strong>high-quality reproduction or custom-made piece<\/strong>, that is modeled after these originals.<\/p>\n<p>For collectors and specialists, the piece features several notable characteristics: the fully visible movement as a technically sophisticated detail, the original leather case with a functional interior, the documented overhaul with handwritten note, the serial number, and the stylistic features that allow typological classification, as well as the authentic patina and signs of use that emphasize the historical character of the item. Thus, the clock represents an interesting collector\u2019s piece with documented history and distinctive presence.<\/p>","protected":false},"excerpt":{"rendered":"<p>Diese elegante franz\u00f6sische Reiseuhr (\u201eCarriage Clock\u201c) mit verglastem Messinggeh\u00e4use und vollst\u00e4ndig sichtbarem mechanischem Uhrwerk wird im Stil von Vacheron Constantin [&hellip;]<\/p>\n","protected":false},"featured_media":3760,"template":"","meta":{"om_disable_all_campaigns":false,"_monsterinsights_skip_tracking":false,"_monsterinsights_sitenote_active":false,"_monsterinsights_sitenote_note":"","_monsterinsights_sitenote_category":0},"brand":[],"product_brand":[],"product_cat":[74,88],"product_tag":[],"class_list":{"0":"post-3758","1":"product","2":"type-product","3":"status-publish","4":"has-post-thumbnail","6":"product_cat-antiquitaten","7":"product_cat-uhren","8":"right-slider","10":"first","11":"instock","12":"sold-individually","13":"taxable","14":"shipping-taxable","15":"purchasable","16":"product-type-simple"},"aioseo_notices":[],"_links":{"self":[{"href":"https:\/\/steinfelder.net\/en\/wp-json\/wp\/v2\/product\/3758","targetHints":{"allow":["GET"]}}],"collection":[{"href":"https:\/\/steinfelder.net\/en\/wp-json\/wp\/v2\/product"}],"about":[{"href":"https:\/\/steinfelder.net\/en\/wp-json\/wp\/v2\/types\/product"}],"version-history":[{"count":3,"href":"https:\/\/steinfelder.net\/en\/wp-json\/wp\/v2\/product\/3758\/revisions"}],"predecessor-version":[{"id":4179,"href":"https:\/\/steinfelder.net\/en\/wp-json\/wp\/v2\/product\/3758\/revisions\/4179"}],"wp:featuredmedia":[{"embeddable":true,"href":"https:\/\/steinfelder.net\/en\/wp-json\/wp\/v2\/media\/3760"}],"wp:attachment":[{"href":"https:\/\/steinfelder.net\/en\/wp-json\/wp\/v2\/media?parent=3758"}],"wp:term":[{"taxonomy":"brand","embeddable":true,"href":"https:\/\/steinfelder.net\/en\/wp-json\/wp\/v2\/brand?post=3758"},{"taxonomy":"product_brand","embeddable":true,"href":"https:\/\/steinfelder.net\/en\/wp-json\/wp\/v2\/product_brand?post=3758"},{"taxonomy":"product_cat","embeddable":true,"href":"https:\/\/steinfelder.net\/en\/wp-json\/wp\/v2\/product_cat?post=3758"},{"taxonomy":"product_tag","embeddable":true,"href":"https:\/\/steinfelder.net\/en\/wp-json\/wp\/v2\/product_tag?post=3758"}],"curies":[{"name":"wp","href":"https:\/\/api.w.org\/{rel}","templated":true}]}}